{"id":649,"date":"2016-01-22T15:08:15","date_gmt":"2016-01-22T15:08:15","guid":{"rendered":"https:\/\/dermaminceur.ca\/home\/?lang=en"},"modified":"2025-02-25T17:49:14","modified_gmt":"2025-02-25T22:49:14","slug":"home","status":"publish","type":"page","link":"https:\/\/dermaminceur.ca\/en\/","title":{"rendered":"Accueil"},"content":{"rendered":"<h2><b>Better Technologies<\/b><\/h2>\n<h2><b>For Better Results<\/b><\/h2>\n<p>Cliniques DM is the leader in body slimming and beauty care in Quebec. We offer our clients personalized result-oriented services by way of the most recent and effective technologies available on the market. Our mission: have our clients look good and feel good.<\/p>\n","protected":false},"excerpt":{"rendered":"<p>Better Technologies For Better Results Cliniques DM is the leader in body slimming and beauty care in Quebec. We offer our clients personalized result-oriented services by way of the most recent and effective technologies available on the market. Our mission: have our clients look good and feel good.<\/p>\n","protected":false},"author":5,"featured_media":0,"parent":0,"menu_order":0,"comment_status":"closed","ping_status":"closed","template":"templates\/front-page.php","meta":{"om_disable_all_campaigns":false,"_monsterinsights_skip_tracking":false,"_monsterinsights_sitenote_active":false,"_monsterinsights_sitenote_note":"","_monsterinsights_sitenote_category":0,"footnotes":""},"class_list":["post-649","page","type-page","status-publish","hentry"],"aioseo_notices":[],"yoast_head":"<!-- This site is optimized with the Yoast SEO plugin v23.5 - https:\/\/yoast.com\/wordpress\/plugins\/seo\/ -->\n<title>Cliniques DM | Votre Clinique Esth\u00e9tique \u00e0 Brossard et Qu\u00e9bec<\/title>\n<meta name=\"description\" content=\"Cliniques DM est votre clinique esth\u00e9tique! Sp\u00e9cialis\u00e9s dans les traitements esth\u00e9tiques non chirurgicaux, nous proposons nos services \u00e0 Brossard et Qu\u00e9bec.\" \/>\n<meta name=\"robots\" content=\"index, follow, max-snippet:-1, max-image-preview:large, max-video-preview:-1\" \/>\n<link rel=\"canonical\" href=\"https:\/\/dermaminceur.ca\/en\/\" \/>\n<meta property=\"og:locale\" content=\"en_US\" \/>\n<meta property=\"og:type\" content=\"article\" \/>\n<meta property=\"og:title\" content=\"Cliniques DM | Votre Clinique Esth\u00e9tique \u00e0 Brossard et Qu\u00e9bec\" \/>\n<meta property=\"og:description\" content=\"Cliniques DM est votre clinique esth\u00e9tique! Sp\u00e9cialis\u00e9s dans les traitements esth\u00e9tiques non chirurgicaux, nous proposons nos services \u00e0 Brossard et Qu\u00e9bec.\" \/>\n<meta property=\"og:url\" content=\"https:\/\/dermaminceur.ca\/en\/\" \/>\n<meta property=\"og:site_name\" content=\"Derma Minceur\" \/>\n<meta property=\"article:modified_time\" content=\"2025-02-25T22:49:14+00:00\" \/>\n<meta name=\"twitter:card\" content=\"summary_large_image\" \/>\n<meta name=\"twitter:label1\" content=\"Est. reading time\" \/>\n\t<meta name=\"twitter:data1\" content=\"1 minute\" \/>\n<script type=\"application\/ld+json\" class=\"yoast-schema-graph\">{\"@context\":\"https:\/\/schema.org\",\"@graph\":[{\"@type\":\"WebPage\",\"@id\":\"https:\/\/dermaminceur.ca\/en\/\",\"url\":\"https:\/\/dermaminceur.ca\/en\/\",\"name\":\"Cliniques DM | Votre Clinique Esth\u00e9tique \u00e0 Brossard et Qu\u00e9bec\",\"isPartOf\":{\"@id\":\"https:\/\/dermaminceur.ca\/#website\"},\"datePublished\":\"2016-01-22T15:08:15+00:00\",\"dateModified\":\"2025-02-25T22:49:14+00:00\",\"description\":\"Cliniques DM est votre clinique esth\u00e9tique! Sp\u00e9cialis\u00e9s dans les traitements esth\u00e9tiques non chirurgicaux, nous proposons nos services \u00e0 Brossard et Qu\u00e9bec.\",\"breadcrumb\":{\"@id\":\"https:\/\/dermaminceur.ca\/en\/#breadcrumb\"},\"inLanguage\":\"en-US\",\"potentialAction\":[{\"@type\":\"ReadAction\",\"target\":[\"https:\/\/dermaminceur.ca\/en\/\"]}]},{\"@type\":\"BreadcrumbList\",\"@id\":\"https:\/\/dermaminceur.ca\/en\/#breadcrumb\",\"itemListElement\":[{\"@type\":\"ListItem\",\"position\":1,\"name\":\"Accueil\",\"item\":\"https:\/\/dermaminceur.ca\/en\/\"},{\"@type\":\"ListItem\",\"position\":2,\"name\":\"Accueil\"}]},{\"@type\":\"WebSite\",\"@id\":\"https:\/\/dermaminceur.ca\/#website\",\"url\":\"https:\/\/dermaminceur.ca\/\",\"name\":\"Derma Minceur\",\"description\":\"\",\"potentialAction\":[{\"@type\":\"SearchAction\",\"target\":{\"@type\":\"EntryPoint\",\"urlTemplate\":\"https:\/\/dermaminceur.ca\/?s={search_term_string}\"},\"query-input\":{\"@type\":\"PropertyValueSpecification\",\"valueRequired\":true,\"valueName\":\"search_term_string\"}}],\"inLanguage\":\"en-US\"}]}<\/script>\n<!-- \/ Yoast SEO plugin. -->","yoast_head_json":{"title":"Cliniques DM | Votre Clinique Esth\u00e9tique \u00e0 Brossard et Qu\u00e9bec","description":"Cliniques DM est votre clinique esth\u00e9tique! Sp\u00e9cialis\u00e9s dans les traitements esth\u00e9tiques non chirurgicaux, nous proposons nos services \u00e0 Brossard et Qu\u00e9bec.","robots":{"index":"index","follow":"follow","max-snippet":"max-snippet:-1","max-image-preview":"max-image-preview:large","max-video-preview":"max-video-preview:-1"},"canonical":"https:\/\/dermaminceur.ca\/en\/","og_locale":"en_US","og_type":"article","og_title":"Cliniques DM | Votre Clinique Esth\u00e9tique \u00e0 Brossard et Qu\u00e9bec","og_description":"Cliniques DM est votre clinique esth\u00e9tique! Sp\u00e9cialis\u00e9s dans les traitements esth\u00e9tiques non chirurgicaux, nous proposons nos services \u00e0 Brossard et Qu\u00e9bec.","og_url":"https:\/\/dermaminceur.ca\/en\/","og_site_name":"Derma Minceur","article_modified_time":"2025-02-25T22:49:14+00:00","twitter_card":"summary_large_image","twitter_misc":{"Est. reading time":"1 minute"},"schema":{"@context":"https:\/\/schema.org","@graph":[{"@type":"WebPage","@id":"https:\/\/dermaminceur.ca\/en\/","url":"https:\/\/dermaminceur.ca\/en\/","name":"Cliniques DM | Votre Clinique Esth\u00e9tique \u00e0 Brossard et Qu\u00e9bec","isPartOf":{"@id":"https:\/\/dermaminceur.ca\/#website"},"datePublished":"2016-01-22T15:08:15+00:00","dateModified":"2025-02-25T22:49:14+00:00","description":"Cliniques DM est votre clinique esth\u00e9tique! Sp\u00e9cialis\u00e9s dans les traitements esth\u00e9tiques non chirurgicaux, nous proposons nos services \u00e0 Brossard et Qu\u00e9bec.","breadcrumb":{"@id":"https:\/\/dermaminceur.ca\/en\/#breadcrumb"},"inLanguage":"en-US","potentialAction":[{"@type":"ReadAction","target":["https:\/\/dermaminceur.ca\/en\/"]}]},{"@type":"BreadcrumbList","@id":"https:\/\/dermaminceur.ca\/en\/#breadcrumb","itemListElement":[{"@type":"ListItem","position":1,"name":"Accueil","item":"https:\/\/dermaminceur.ca\/en\/"},{"@type":"ListItem","position":2,"name":"Accueil"}]},{"@type":"WebSite","@id":"https:\/\/dermaminceur.ca\/#website","url":"https:\/\/dermaminceur.ca\/","name":"Derma Minceur","description":"","potentialAction":[{"@type":"SearchAction","target":{"@type":"EntryPoint","urlTemplate":"https:\/\/dermaminceur.ca\/?s={search_term_string}"},"query-input":{"@type":"PropertyValueSpecification","valueRequired":true,"valueName":"search_term_string"}}],"inLanguage":"en-US"}]}},"_links":{"self":[{"href":"https:\/\/dermaminceur.ca\/en\/wp-json\/wp\/v2\/pages\/649"}],"collection":[{"href":"https:\/\/dermaminceur.ca\/en\/wp-json\/wp\/v2\/pages"}],"about":[{"href":"https:\/\/dermaminceur.ca\/en\/wp-json\/wp\/v2\/types\/page"}],"author":[{"embeddable":true,"href":"https:\/\/dermaminceur.ca\/en\/wp-json\/wp\/v2\/users\/5"}],"replies":[{"embeddable":true,"href":"https:\/\/dermaminceur.ca\/en\/wp-json\/wp\/v2\/comments?post=649"}],"version-history":[{"count":1,"href":"https:\/\/dermaminceur.ca\/en\/wp-json\/wp\/v2\/pages\/649\/revisions"}],"predecessor-version":[{"id":1695,"href":"https:\/\/dermaminceur.ca\/en\/wp-json\/wp\/v2\/pages\/649\/revisions\/1695"}],"wp:attachment":[{"href":"https:\/\/dermaminceur.ca\/en\/wp-json\/wp\/v2\/media?parent=649"}],"curies":[{"name":"wp","href":"https:\/\/api.w.org\/{rel}","templated":true}]}}