{"id":645,"date":"2016-01-22T15:49:29","date_gmt":"2016-01-22T20:49:29","guid":{"rendered":"https:\/\/dermaminceur.ca\/a-propos-de-nous\/?lang=en"},"modified":"2019-02-08T16:24:45","modified_gmt":"2019-02-08T21:24:45","slug":"about-us","status":"publish","type":"page","link":"https:\/\/dermaminceur.ca\/en\/about-us\/","title":{"rendered":"About Us"},"content":{"rendered":"<p>&nbsp;<\/p>\n<p>Cliniques DM, the leader in Quebec in body contouring and beauty care, has administered tens of thousands of treatments since 2010. Thanks to our expertise and professionalism, we offer our clients personalized result-oriented services. To do so, we use the most recent and effective technologies. Our certified technicians are committed to providing clients the treatment that is specifically suitable for their conditions, and follow them throughout their treatment. We know that trust is something you earn, and we want to earn yours. Our mission: ensure that our clients look good and feel good.<\/p>\n","protected":false},"excerpt":{"rendered":"<p>&nbsp; Cliniques DM, the leader in Quebec in body contouring and beauty care, has administered tens of thousands of treatments since 2010. Thanks to our expertise and professionalism, we offer our clients personalized result-oriented services. To do so, we use the most recent and effective technologies. Our certified technicians are committed to providing clients the&#8230;<\/p>\n","protected":false},"author":5,"featured_media":548,"parent":0,"menu_order":0,"comment_status":"closed","ping_status":"closed","template":"","meta":{"om_disable_all_campaigns":false,"_monsterinsights_skip_tracking":false,"_monsterinsights_sitenote_active":false,"_monsterinsights_sitenote_note":"","_monsterinsights_sitenote_category":0,"footnotes":""},"class_list":["post-645","page","type-page","status-publish","has-post-thumbnail","hentry"],"aioseo_notices":[],"yoast_head":"<!-- This site is optimized with the Yoast SEO plugin v23.5 - https:\/\/yoast.com\/wordpress\/plugins\/seo\/ -->\n<title>Cliniques DM | Experts En Soins Esth\u00e9tiques et Amincissement<\/title>\n<meta name=\"description\" content=\"L&#039;expertise et le professionnalisme de Cliniques DM en font un chef de file en soins esth\u00e9tiques et en techniques d&#039;amincissement dans la r\u00e9gion qu\u00e9b\u00e9coise.\" \/>\n<meta name=\"robots\" content=\"index, follow, max-snippet:-1, max-image-preview:large, max-video-preview:-1\" \/>\n<link rel=\"canonical\" href=\"https:\/\/dermaminceur.ca\/en\/about-us\/\" \/>\n<meta property=\"og:locale\" content=\"en_US\" \/>\n<meta property=\"og:type\" content=\"article\" \/>\n<meta property=\"og:title\" content=\"Cliniques DM | Experts En Soins Esth\u00e9tiques et Amincissement\" \/>\n<meta property=\"og:description\" content=\"L&#039;expertise et le professionnalisme de Cliniques DM en font un chef de file en soins esth\u00e9tiques et en techniques d&#039;amincissement dans la r\u00e9gion qu\u00e9b\u00e9coise.\" \/>\n<meta property=\"og:url\" content=\"https:\/\/dermaminceur.ca\/en\/about-us\/\" \/>\n<meta property=\"og:site_name\" content=\"Derma Minceur\" \/>\n<meta property=\"article:modified_time\" content=\"2019-02-08T21:24:45+00:00\" \/>\n<meta property=\"og:image\" content=\"https:\/\/dermaminceur.ca\/wp-content\/uploads\/2016\/01\/Image_TOP_18fev_Test_2a.jpg\" \/>\n\t<meta property=\"og:image:width\" content=\"1920\" \/>\n\t<meta property=\"og:image:height\" content=\"1000\" \/>\n\t<meta property=\"og:image:type\" content=\"image\/jpeg\" \/>\n<meta name=\"twitter:card\" content=\"summary_large_image\" \/>\n<script type=\"application\/ld+json\" class=\"yoast-schema-graph\">{\"@context\":\"https:\/\/schema.org\",\"@graph\":[{\"@type\":\"WebPage\",\"@id\":\"https:\/\/dermaminceur.ca\/en\/about-us\/\",\"url\":\"https:\/\/dermaminceur.ca\/en\/about-us\/\",\"name\":\"Cliniques DM | Experts En Soins Esth\u00e9tiques et Amincissement\",\"isPartOf\":{\"@id\":\"https:\/\/dermaminceur.ca\/#website\"},\"primaryImageOfPage\":{\"@id\":\"https:\/\/dermaminceur.ca\/en\/about-us\/#primaryimage\"},\"image\":{\"@id\":\"https:\/\/dermaminceur.ca\/en\/about-us\/#primaryimage\"},\"thumbnailUrl\":\"https:\/\/dermaminceur.ca\/wp-content\/uploads\/2016\/01\/Image_TOP_18fev_Test_2a.jpg\",\"datePublished\":\"2016-01-22T20:49:29+00:00\",\"dateModified\":\"2019-02-08T21:24:45+00:00\",\"description\":\"L'expertise et le professionnalisme de Cliniques DM en font un chef de file en soins esth\u00e9tiques et en techniques d'amincissement dans la r\u00e9gion qu\u00e9b\u00e9coise.\",\"breadcrumb\":{\"@id\":\"https:\/\/dermaminceur.ca\/en\/about-us\/#breadcrumb\"},\"inLanguage\":\"en-US\",\"potentialAction\":[{\"@type\":\"ReadAction\",\"target\":[\"https:\/\/dermaminceur.ca\/en\/about-us\/\"]}]},{\"@type\":\"ImageObject\",\"inLanguage\":\"en-US\",\"@id\":\"https:\/\/dermaminceur.ca\/en\/about-us\/#primaryimage\",\"url\":\"https:\/\/dermaminceur.ca\/wp-content\/uploads\/2016\/01\/Image_TOP_18fev_Test_2a.jpg\",\"contentUrl\":\"https:\/\/dermaminceur.ca\/wp-content\/uploads\/2016\/01\/Image_TOP_18fev_Test_2a.jpg\",\"width\":1920,\"height\":1000},{\"@type\":\"BreadcrumbList\",\"@id\":\"https:\/\/dermaminceur.ca\/en\/about-us\/#breadcrumb\",\"itemListElement\":[{\"@type\":\"ListItem\",\"position\":1,\"name\":\"Accueil\",\"item\":\"https:\/\/dermaminceur.ca\/en\/\"},{\"@type\":\"ListItem\",\"position\":2,\"name\":\"About Us\"}]},{\"@type\":\"WebSite\",\"@id\":\"https:\/\/dermaminceur.ca\/#website\",\"url\":\"https:\/\/dermaminceur.ca\/\",\"name\":\"Derma Minceur\",\"description\":\"\",\"potentialAction\":[{\"@type\":\"SearchAction\",\"target\":{\"@type\":\"EntryPoint\",\"urlTemplate\":\"https:\/\/dermaminceur.ca\/?s={search_term_string}\"},\"query-input\":{\"@type\":\"PropertyValueSpecification\",\"valueRequired\":true,\"valueName\":\"search_term_string\"}}],\"inLanguage\":\"en-US\"}]}<\/script>\n<!-- \/ Yoast SEO plugin. -->","yoast_head_json":{"title":"Cliniques DM | Experts En Soins Esth\u00e9tiques et Amincissement","description":"L'expertise et le professionnalisme de Cliniques DM en font un chef de file en soins esth\u00e9tiques et en techniques d'amincissement dans la r\u00e9gion qu\u00e9b\u00e9coise.","robots":{"index":"index","follow":"follow","max-snippet":"max-snippet:-1","max-image-preview":"max-image-preview:large","max-video-preview":"max-video-preview:-1"},"canonical":"https:\/\/dermaminceur.ca\/en\/about-us\/","og_locale":"en_US","og_type":"article","og_title":"Cliniques DM | Experts En Soins Esth\u00e9tiques et Amincissement","og_description":"L'expertise et le professionnalisme de Cliniques DM en font un chef de file en soins esth\u00e9tiques et en techniques d'amincissement dans la r\u00e9gion qu\u00e9b\u00e9coise.","og_url":"https:\/\/dermaminceur.ca\/en\/about-us\/","og_site_name":"Derma Minceur","article_modified_time":"2019-02-08T21:24:45+00:00","og_image":[{"width":1920,"height":1000,"url":"https:\/\/dermaminceur.ca\/wp-content\/uploads\/2016\/01\/Image_TOP_18fev_Test_2a.jpg","type":"image\/jpeg"}],"twitter_card":"summary_large_image","schema":{"@context":"https:\/\/schema.org","@graph":[{"@type":"WebPage","@id":"https:\/\/dermaminceur.ca\/en\/about-us\/","url":"https:\/\/dermaminceur.ca\/en\/about-us\/","name":"Cliniques DM | Experts En Soins Esth\u00e9tiques et Amincissement","isPartOf":{"@id":"https:\/\/dermaminceur.ca\/#website"},"primaryImageOfPage":{"@id":"https:\/\/dermaminceur.ca\/en\/about-us\/#primaryimage"},"image":{"@id":"https:\/\/dermaminceur.ca\/en\/about-us\/#primaryimage"},"thumbnailUrl":"https:\/\/dermaminceur.ca\/wp-content\/uploads\/2016\/01\/Image_TOP_18fev_Test_2a.jpg","datePublished":"2016-01-22T20:49:29+00:00","dateModified":"2019-02-08T21:24:45+00:00","description":"L'expertise et le professionnalisme de Cliniques DM en font un chef de file en soins esth\u00e9tiques et en techniques d'amincissement dans la r\u00e9gion qu\u00e9b\u00e9coise.","breadcrumb":{"@id":"https:\/\/dermaminceur.ca\/en\/about-us\/#breadcrumb"},"inLanguage":"en-US","potentialAction":[{"@type":"ReadAction","target":["https:\/\/dermaminceur.ca\/en\/about-us\/"]}]},{"@type":"ImageObject","inLanguage":"en-US","@id":"https:\/\/dermaminceur.ca\/en\/about-us\/#primaryimage","url":"https:\/\/dermaminceur.ca\/wp-content\/uploads\/2016\/01\/Image_TOP_18fev_Test_2a.jpg","contentUrl":"https:\/\/dermaminceur.ca\/wp-content\/uploads\/2016\/01\/Image_TOP_18fev_Test_2a.jpg","width":1920,"height":1000},{"@type":"BreadcrumbList","@id":"https:\/\/dermaminceur.ca\/en\/about-us\/#breadcrumb","itemListElement":[{"@type":"ListItem","position":1,"name":"Accueil","item":"https:\/\/dermaminceur.ca\/en\/"},{"@type":"ListItem","position":2,"name":"About Us"}]},{"@type":"WebSite","@id":"https:\/\/dermaminceur.ca\/#website","url":"https:\/\/dermaminceur.ca\/","name":"Derma Minceur","description":"","potentialAction":[{"@type":"SearchAction","target":{"@type":"EntryPoint","urlTemplate":"https:\/\/dermaminceur.ca\/?s={search_term_string}"},"query-input":{"@type":"PropertyValueSpecification","valueRequired":true,"valueName":"search_term_string"}}],"inLanguage":"en-US"}]}},"_links":{"self":[{"href":"https:\/\/dermaminceur.ca\/en\/wp-json\/wp\/v2\/pages\/645"}],"collection":[{"href":"https:\/\/dermaminceur.ca\/en\/wp-json\/wp\/v2\/pages"}],"about":[{"href":"https:\/\/dermaminceur.ca\/en\/wp-json\/wp\/v2\/types\/page"}],"author":[{"embeddable":true,"href":"https:\/\/dermaminceur.ca\/en\/wp-json\/wp\/v2\/users\/5"}],"replies":[{"embeddable":true,"href":"https:\/\/dermaminceur.ca\/en\/wp-json\/wp\/v2\/comments?post=645"}],"version-history":[{"count":0,"href":"https:\/\/dermaminceur.ca\/en\/wp-json\/wp\/v2\/pages\/645\/revisions"}],"wp:featuredmedia":[{"embeddable":true,"href":"https:\/\/dermaminceur.ca\/en\/wp-json\/wp\/v2\/media\/548"}],"wp:attachment":[{"href":"https:\/\/dermaminceur.ca\/en\/wp-json\/wp\/v2\/media?parent=645"}],"curies":[{"name":"wp","href":"https:\/\/api.w.org\/{rel}","templated":true}]}}